{"id":33,"date":"2020-03-19T21:59:00","date_gmt":"2020-03-19T21:59:00","guid":{"rendered":"https:\/\/www.mein-hardthausen.de\/?page_id=33"},"modified":"2020-03-19T22:01:51","modified_gmt":"2020-03-19T22:01:51","slug":"impressum","status":"publish","type":"page","link":"https:\/\/www.mein-hardthausen.de\/index.php\/impressum\/","title":{"rendered":"Impressum"},"content":{"rendered":"<p>mein-hardthausen.de wird betrieben von<\/p>\r\n<p>Sven Heinemann \/ info<span style=\"display: none;\">spam<\/span>@mein-hardthausen.de<\/p>\r\n<p>Bitte beachten sie, dass es sich hier um keine offizielle Plattform der Gemeinde Hardthausen am Kocher handelt. Diese Website stellt ein privat betriebenes Zusatzangebot zur Verf\u00fcgung, welches auch der Gemeindeverwaltung zur Nutzung gestellt wird.<\/p>\r\n<p>Die bereitgestellten Dienste werden nach best-effort betrieben. Bei Fragen wenden sie sich bitte an den Seitenbetreiber. Vielen Dank.<\/p>\r\n<!-- \/wp:paragraph -->\r\n\r\n<!-- wp:heading -->\r\n<h2>Datenschutz<\/h2>\r\n<p>Die Betreiber dieser Seiten nehmen den Schutz Ihrer pers\u00f6nlichen Daten sehr ernst. Wir behandeln Ihre personenbezogenen Daten vertraulich und entsprechend der gesetzlichen Daten schutzvorschriften sowie dieser Datenschutzerkl\u00e4rung. Die Nutzung unserer Website ist in der Regel ohne Angabe personenbezogener Daten m\u00f6glich. Soweit auf unseren Seiten personenbezogene Daten (beispielsweise Name, Anschrift oder E-Mail-Adressen) erhoben werden, erfolgt dies, soweit m\u00f6glich, stets auf freiwilliger Basis. Diese Daten werden ohne Ihre ausdr\u00fcckliche Zustimmung nicht an Dritte weitergegeben. Wir weisen darauf hin, dass die Daten\u00fcbertragung im Internet (z.B. bei der Kommunikation per E-Mail) Sicherheitsl\u00fccken aufweisen kann. Ein l\u00fcckenloser Schutz der Daten vor dem Zugriff durch Dritte ist nicht m\u00f6glich.<\/p>\r\n<h2>Server-Logfiles<\/h2>\r\n<p>Der Provider der Seiten erhebt und speichert automatisch Informationen in Logfiles, die Ihr Browser automatisch an uns \u00fcbermittelt. Dies sind:<\/p>\r\n<ul>\r\n<li>Browsertyp und Browserversion<\/li>\r\n<li>verwendetes Betriebssystem<\/li>\r\n<li>Referrer URL<\/li>\r\n<li>Hostname des zugreifenden Rechners<\/li>\r\n<li>Uhrzeit der Serveranfrage<\/li>\r\n<\/ul>\r\n<p>Diese Daten sind nicht bestimmten Personen zuordenbar. Eine Zusammenf\u00fchrung dieser Daten mit anderen Datenquellen wird nicht vorgenommen. Wir behalten uns vor, diese Daten nachtr\u00e4glich zu pr\u00fcfen, wenn uns konkrete Anhaltspunkte f\u00fcr eine rechtswidrige Nutzung bekannt werden.<\/p>","protected":false},"excerpt":{"rendered":"<p>mein-hardthausen.de wird betrieben von Sven Heinemann \/ infospam@mein-hardthausen.de Bitte beachten sie, dass es sich hier um keine offizielle Plattform der Gemeinde Hardthausen am Kocher handelt. Diese Website stellt ein privat betriebenes Zusatzangebot zur Verf\u00fcgung, welches auch der Gemeindeverwaltung zur Nutzung gestellt wird. Die bereitgestellten Dienste werden nach best-effort betrieben. Bei Fragen wenden sie sich bitte &hellip; <\/p>\n<p class=\"link-more\"><a href=\"https:\/\/www.mein-hardthausen.de\/index.php\/impressum\/\" class=\"more-link\"><span class=\"screen-reader-text\">\u201eImpressum\u201c<\/span> weiterlesen<\/a><\/p>\n","protected":false},"author":1,"featured_media":0,"parent":0,"menu_order":0,"comment_status":"closed","ping_status":"closed","template":"","meta":[],"_links":{"self":[{"href":"https:\/\/www.mein-hardthausen.de\/index.php\/wp-json\/wp\/v2\/pages\/33"}],"collection":[{"href":"https:\/\/www.mein-hardthausen.de\/index.php\/wp-json\/wp\/v2\/pages"}],"about":[{"href":"https:\/\/www.mein-hardthausen.de\/index.php\/wp-json\/wp\/v2\/types\/page"}],"author":[{"embeddable":true,"href":"https:\/\/www.mein-hardthausen.de\/index.php\/wp-json\/wp\/v2\/users\/1"}],"replies":[{"embeddable":true,"href":"https:\/\/www.mein-hardthausen.de\/index.php\/wp-json\/wp\/v2\/comments?post=33"}],"version-history":[{"count":3,"href":"https:\/\/www.mein-hardthausen.de\/index.php\/wp-json\/wp\/v2\/pages\/33\/revisions"}],"predecessor-version":[{"id":38,"href":"https:\/\/www.mein-hardthausen.de\/index.php\/wp-json\/wp\/v2\/pages\/33\/revisions\/38"}],"wp:attachment":[{"href":"https:\/\/www.mein-hardthausen.de\/index.php\/wp-json\/wp\/v2\/media?parent=33"}],"curies":[{"name":"wp","href":"https:\/\/api.w.org\/{rel}","templated":true}]}}